{"id":3513,"date":"2019-11-07T20:12:47","date_gmt":"2019-11-07T19:12:47","guid":{"rendered":"http:\/\/dev.lumoplan.de\/?page_id=3513"},"modified":"2024-05-15T10:43:30","modified_gmt":"2024-05-15T08:43:30","slug":"o-lumoplan","status":"publish","type":"page","link":"https:\/\/www.lumoplan.de\/pl\/o-lumoplan\/","title":{"rendered":"O lumoplan"},"content":{"rendered":"<div class=\"fusion-fullwidth fullwidth-box fusion-builder-row-1 nonhundred-percent-fullwidth non-hundred-percent-height-scrolling\" style=\"background-color: #ffffff;background-position: left top;background-repeat: no-repeat;padding-top:50px;padding-right:0px;padding-bottom:50px;padding-left:0px;margin-bottom: 0px;margin-top: 0px;border-width: 0px 0px 0px 0px;border-color:#eae9e9;border-style:solid;\" ><div class=\"fusion-builder-row fusion-row\"><div class=\"fusion-layout-column fusion_builder_column fusion-builder-column-0 fusion_builder_column_1_2 1_2 fusion-one-half fusion-column-first\" style=\"width:48%; margin-right: 4%;margin-top:0px;margin-bottom:20px;\"><div class=\"fusion-column-wrapper fusion-flex-column-wrapper-legacy\" style=\"background-position:left top;background-repeat:no-repeat;-webkit-background-size:cover;-moz-background-size:cover;-o-background-size:cover;background-size:cover;padding: 0px 0px 0px 0px;\"><style type=\"text\/css\"><\/style><div class=\"fusion-title title fusion-title-1 fusion-sep-none fusion-title-text fusion-title-size-one\" style=\"margin-top:0px;margin-right:0px;margin-bottom:31px;margin-left:0px;\"><h1 class=\"title-heading-left fusion-responsive-typography-calculated\" style=\"margin:0;--fontSize:50;line-height:1.33;\">Mniej znaczy wi\u0119cej<\/h1><\/div><div class=\"fusion-clearfix\"><\/div><\/div><\/div><div class=\"fusion-layout-column fusion_builder_column fusion-builder-column-1 fusion_builder_column_1_2 1_2 fusion-one-half fusion-column-last\" style=\"width:48%;margin-top:0px;margin-bottom:50px;\"><div class=\"fusion-column-wrapper fusion-flex-column-wrapper-legacy\" style=\"background-position:left top;background-repeat:no-repeat;-webkit-background-size:cover;-moz-background-size:cover;-o-background-size:cover;background-size:cover;padding: 0px 0px 0px 0px;\"><div class=\"fusion-text fusion-text-1\"><p style=\"font-size: 20px;\">Die Firma Lumoplan besteht seit 2009 und ist ein <strong>unabh\u00e4ngiges Planungsb\u00fcro f\u00fcr Licht<\/strong>. Unser Erfahrungspotential in der Beleuchtung reicht nunmehr schon 17 Jahre zur\u00fcck.<\/p>\n<p>Unser B\u00fcro versteht sich als <a href=\"\/dienstleistungen\/\">produktneutralen Dienstleister<\/a> in der Lichtplanung und betreut seine Kunden europaweit. Wir erstellen Ihren Lichtplan in CAD, 2D, 3D als Visualisierung oder auch gerne mit dem Stift als Skizze. Unter Ber\u00fccksichtigung der Raumarchitektur gestaltet Lumoplan Ihre Lebensr\u00e4ume funktional, effizient und harmonisch. In enger Abstimmung mit dem Bauherren und den beteiligten Planern erarbeiten wir ein optimales und technisch ausgereiftes Lichtkonzept.<\/p>\n<\/div><div class=\"fusion-clearfix\"><\/div><\/div><\/div><div class=\"fusion-layout-column fusion_builder_column fusion-builder-column-2 fusion_builder_column_1_3 1_3 fusion-one-third fusion-column-first\" style=\"width:30.6666%; margin-right: 4%;margin-top:0px;margin-bottom:20px;\"><div class=\"fusion-column-wrapper fusion-flex-column-wrapper-legacy\" style=\"background-position:left top;background-repeat:no-repeat;-webkit-background-size:cover;-moz-background-size:cover;-o-background-size:cover;background-size:cover;background-color:#ffffff;padding: 0px 0px 0px 0px;\"><div class=\"imageframe-align-center\"><span class=\" fusion-imageframe imageframe-none imageframe-1 hover-type-none\"><img decoding=\"async\" width=\"600\" height=\"399\" title=\"Lumoplan-Lichtplanung-Berlin-Monique-Lander\" src=\"https:\/\/www.lumoplan.de\/wp-content\/uploads\/2019\/11\/Lumoplan-Lichtplanung-Berlin-Monique-Lander.jpg\" data-orig-src=\"https:\/\/www.lumoplan.de\/wp-content\/uploads\/2019\/11\/Lumoplan-Lichtplanung-Berlin-Monique-Lander-600x399.jpg\" alt class=\"lazyload img-responsive wp-image-3331\" srcset=\"data:image\/svg+xml,%3Csvg%20xmlns%3D%27http%3A%2F%2Fwww.w3.org%2F2000%2Fsvg%27%20width%3D%27914%27%20height%3D%27608%27%20viewBox%3D%270%200%20914%20608%27%3E%3Crect%20width%3D%27914%27%20height%3D%27608%27%20fill-opacity%3D%220%22%2F%3E%3C%2Fsvg%3E\" data-srcset=\"https:\/\/www.lumoplan.de\/wp-content\/uploads\/2019\/11\/Lumoplan-Lichtplanung-Berlin-Monique-Lander-200x133.jpg 200w, https:\/\/www.lumoplan.de\/wp-content\/uploads\/2019\/11\/Lumoplan-Lichtplanung-Berlin-Monique-Lander-400x266.jpg 400w, https:\/\/www.lumoplan.de\/wp-content\/uploads\/2019\/11\/Lumoplan-Lichtplanung-Berlin-Monique-Lander-600x399.jpg 600w, https:\/\/www.lumoplan.de\/wp-content\/uploads\/2019\/11\/Lumoplan-Lichtplanung-Berlin-Monique-Lander-800x532.jpg 800w, https:\/\/www.lumoplan.de\/wp-content\/uploads\/2019\/11\/Lumoplan-Lichtplanung-Berlin-Monique-Lander.jpg 914w\" data-sizes=\"auto\" data-orig-sizes=\"(max-width: 800px) 100vw, 400px\" \/><\/span><\/div><div class=\"fusion-sep-clear\"><\/div><div class=\"fusion-separator fusion-full-width-sep\" style=\"margin-left: auto;margin-right: auto;margin-bottom:25px;width:100%;\"><\/div><div class=\"fusion-sep-clear\"><\/div><div class=\"fusion-text fusion-text-2\"><h2>Monique Lander<\/h2>\n<p style=\"font-size: 17px;\">Zarz\u0105dzanie &amp; O\u015bwietlenie Projekt<\/p>\n<p><a href=\"mailto:lander@lumoplan.de\">lander@lumoplan.de<\/a><\/p>\n<\/div><div class=\"fusion-clearfix\"><\/div><\/div><\/div><div class=\"fusion-layout-column fusion_builder_column fusion-builder-column-3 fusion_builder_column_1_3 1_3 fusion-one-third\" style=\"width:30.6666%; margin-right: 4%;margin-top:0px;margin-bottom:20px;\"><div class=\"fusion-column-wrapper fusion-flex-column-wrapper-legacy\" style=\"background-position:left top;background-repeat:no-repeat;-webkit-background-size:cover;-moz-background-size:cover;-o-background-size:cover;background-size:cover;background-color:#ffffff;padding: 0px 0px 0px 0px;\"><div class=\"imageframe-align-center\"><span class=\" fusion-imageframe imageframe-none imageframe-2 hover-type-none\"><img decoding=\"async\" width=\"600\" height=\"399\" title=\"Lumoplan-Lichtplanung-Berlin-Sven-Nielsen\" src=\"https:\/\/www.lumoplan.de\/wp-content\/uploads\/2019\/11\/Lumoplan-Lichtplanung-Berlin-Sven-Nielsen.jpg\" data-orig-src=\"https:\/\/www.lumoplan.de\/wp-content\/uploads\/2019\/11\/Lumoplan-Lichtplanung-Berlin-Sven-Nielsen-600x399.jpg\" alt class=\"lazyload img-responsive wp-image-3341\" srcset=\"data:image\/svg+xml,%3Csvg%20xmlns%3D%27http%3A%2F%2Fwww.w3.org%2F2000%2Fsvg%27%20width%3D%27914%27%20height%3D%27608%27%20viewBox%3D%270%200%20914%20608%27%3E%3Crect%20width%3D%27914%27%20height%3D%27608%27%20fill-opacity%3D%220%22%2F%3E%3C%2Fsvg%3E\" data-srcset=\"https:\/\/www.lumoplan.de\/wp-content\/uploads\/2019\/11\/Lumoplan-Lichtplanung-Berlin-Sven-Nielsen-200x133.jpg 200w, https:\/\/www.lumoplan.de\/wp-content\/uploads\/2019\/11\/Lumoplan-Lichtplanung-Berlin-Sven-Nielsen-400x266.jpg 400w, https:\/\/www.lumoplan.de\/wp-content\/uploads\/2019\/11\/Lumoplan-Lichtplanung-Berlin-Sven-Nielsen-600x399.jpg 600w, https:\/\/www.lumoplan.de\/wp-content\/uploads\/2019\/11\/Lumoplan-Lichtplanung-Berlin-Sven-Nielsen-800x532.jpg 800w, https:\/\/www.lumoplan.de\/wp-content\/uploads\/2019\/11\/Lumoplan-Lichtplanung-Berlin-Sven-Nielsen.jpg 914w\" data-sizes=\"auto\" data-orig-sizes=\"(max-width: 800px) 100vw, 400px\" \/><\/span><\/div><div class=\"fusion-sep-clear\"><\/div><div class=\"fusion-separator fusion-full-width-sep\" style=\"margin-left: auto;margin-right: auto;margin-bottom:25px;width:100%;\"><\/div><div class=\"fusion-sep-clear\"><\/div><div class=\"fusion-text fusion-text-3\"><h2>Sven Nielsen<\/h2>\n<p style=\"font-size: 17px;\">Zarz\u0105dzanie &amp; O\u015bwietlenie Projekt<\/p>\n<p><a href=\"mailto:nielsen@lumoplan.de\">nielsen@lumoplan.de<\/a><\/p>\n<\/div><div class=\"fusion-clearfix\"><\/div><\/div><\/div><div class=\"fusion-layout-column fusion_builder_column fusion-builder-column-4 fusion_builder_column_1_3 1_3 fusion-one-third fusion-column-last\" style=\"width:30.6666%;margin-top:0px;margin-bottom:20px;\"><div class=\"fusion-column-wrapper fusion-flex-column-wrapper-legacy\" style=\"background-position:left top;background-repeat:no-repeat;-webkit-background-size:cover;-moz-background-size:cover;-o-background-size:cover;background-size:cover;background-color:#ffffff;padding: 0px 0px 0px 0px;\"><div class=\"imageframe-align-center\"><span class=\" fusion-imageframe imageframe-none imageframe-3 hover-type-none\"><img decoding=\"async\" width=\"600\" height=\"399\" title=\"Lumoplan-Lichtplanung-Berlin-Empty-W\" src=\"https:\/\/www.lumoplan.de\/wp-content\/uploads\/2019\/11\/Lumoplan-Lichtplanung-Berlin-Empty-W-1.png\" data-orig-src=\"https:\/\/www.lumoplan.de\/wp-content\/uploads\/2019\/11\/Lumoplan-Lichtplanung-Berlin-Empty-W-1-600x399.png\" alt class=\"lazyload img-responsive wp-image-3397\" srcset=\"data:image\/svg+xml,%3Csvg%20xmlns%3D%27http%3A%2F%2Fwww.w3.org%2F2000%2Fsvg%27%20width%3D%27914%27%20height%3D%27608%27%20viewBox%3D%270%200%20914%20608%27%3E%3Crect%20width%3D%27914%27%20height%3D%27608%27%20fill-opacity%3D%220%22%2F%3E%3C%2Fsvg%3E\" data-srcset=\"https:\/\/www.lumoplan.de\/wp-content\/uploads\/2019\/11\/Lumoplan-Lichtplanung-Berlin-Empty-W-1-200x133.png 200w, https:\/\/www.lumoplan.de\/wp-content\/uploads\/2019\/11\/Lumoplan-Lichtplanung-Berlin-Empty-W-1-400x266.png 400w, https:\/\/www.lumoplan.de\/wp-content\/uploads\/2019\/11\/Lumoplan-Lichtplanung-Berlin-Empty-W-1-600x399.png 600w, https:\/\/www.lumoplan.de\/wp-content\/uploads\/2019\/11\/Lumoplan-Lichtplanung-Berlin-Empty-W-1-800x532.png 800w, https:\/\/www.lumoplan.de\/wp-content\/uploads\/2019\/11\/Lumoplan-Lichtplanung-Berlin-Empty-W-1.png 914w\" data-sizes=\"auto\" data-orig-sizes=\"(max-width: 800px) 100vw, 400px\" \/><\/span><\/div><div class=\"fusion-sep-clear\"><\/div><div class=\"fusion-separator fusion-full-width-sep\" style=\"margin-left: auto;margin-right: auto;margin-bottom:25px;width:100%;\"><\/div><div class=\"fusion-sep-clear\"><\/div><div class=\"fusion-text fusion-text-4\"><h2>Denise Nielsen<\/h2>\n<p style=\"font-size: 17px;\">Gabinet<\/p>\n<p><a href=\"mailto:info@lumoplan.de\">info@lumoplan.de<\/a><\/p>\n<\/div><div class=\"fusion-clearfix\"><\/div><\/div><\/div><div class=\"fusion-layout-column fusion_builder_column fusion-builder-column-5 fusion_builder_column_1_3 1_3 fusion-one-third fusion-column-first\" style=\"width:30.6666%; margin-right: 4%;margin-top:0px;margin-bottom:20px;\"><div class=\"fusion-column-wrapper fusion-flex-column-wrapper-legacy\" style=\"background-position:left top;background-repeat:no-repeat;-webkit-background-size:cover;-moz-background-size:cover;-o-background-size:cover;background-size:cover;background-color:#ffffff;padding: 0px 0px 0px 0px;\"><div class=\"imageframe-align-center\"><span class=\" fusion-imageframe imageframe-none imageframe-4 hover-type-none\"><img decoding=\"async\" width=\"600\" height=\"399\" title=\"Lumoplan-Lichtplanung-Berlin-Empty-W\" src=\"https:\/\/www.lumoplan.de\/wp-content\/uploads\/2019\/11\/Lumoplan-Lichtplanung-Berlin-Empty-W-1.png\" data-orig-src=\"https:\/\/www.lumoplan.de\/wp-content\/uploads\/2019\/11\/Lumoplan-Lichtplanung-Berlin-Empty-W-1-600x399.png\" alt class=\"lazyload img-responsive wp-image-3397\" srcset=\"data:image\/svg+xml,%3Csvg%20xmlns%3D%27http%3A%2F%2Fwww.w3.org%2F2000%2Fsvg%27%20width%3D%27914%27%20height%3D%27608%27%20viewBox%3D%270%200%20914%20608%27%3E%3Crect%20width%3D%27914%27%20height%3D%27608%27%20fill-opacity%3D%220%22%2F%3E%3C%2Fsvg%3E\" data-srcset=\"https:\/\/www.lumoplan.de\/wp-content\/uploads\/2019\/11\/Lumoplan-Lichtplanung-Berlin-Empty-W-1-200x133.png 200w, https:\/\/www.lumoplan.de\/wp-content\/uploads\/2019\/11\/Lumoplan-Lichtplanung-Berlin-Empty-W-1-400x266.png 400w, https:\/\/www.lumoplan.de\/wp-content\/uploads\/2019\/11\/Lumoplan-Lichtplanung-Berlin-Empty-W-1-600x399.png 600w, https:\/\/www.lumoplan.de\/wp-content\/uploads\/2019\/11\/Lumoplan-Lichtplanung-Berlin-Empty-W-1-800x532.png 800w, https:\/\/www.lumoplan.de\/wp-content\/uploads\/2019\/11\/Lumoplan-Lichtplanung-Berlin-Empty-W-1.png 914w\" data-sizes=\"auto\" data-orig-sizes=\"(max-width: 800px) 100vw, 400px\" \/><\/span><\/div><div class=\"fusion-sep-clear\"><\/div><div class=\"fusion-separator fusion-full-width-sep\" style=\"margin-left: auto;margin-right: auto;margin-bottom:25px;width:100%;\"><\/div><div class=\"fusion-sep-clear\"><\/div><div class=\"fusion-text fusion-text-5\"><h2>Silke Stobbe<\/h2>\n<p style=\"font-size: 17px;\">Magazynowanie &amp; Wysy\u0142ka<\/p>\n<p><a href=\"mailto:s.stobbe@lumoplan.de\">s.stobbe@lumoplan.de<\/a><\/p>\n<\/div><div class=\"fusion-clearfix\"><\/div><\/div><\/div><\/div><\/div>\n","protected":false},"excerpt":{"rendered":"","protected":false},"author":4,"featured_media":0,"parent":0,"menu_order":0,"comment_status":"closed","ping_status":"closed","template":"","meta":{"footnotes":""},"class_list":["post-3513","page","type-page","status-publish","hentry"],"_links":{"self":[{"href":"https:\/\/www.lumoplan.de\/pl\/wp-json\/wp\/v2\/pages\/3513","targetHints":{"allow":["GET"]}}],"collection":[{"href":"https:\/\/www.lumoplan.de\/pl\/wp-json\/wp\/v2\/pages"}],"about":[{"href":"https:\/\/www.lumoplan.de\/pl\/wp-json\/wp\/v2\/types\/page"}],"author":[{"embeddable":true,"href":"https:\/\/www.lumoplan.de\/pl\/wp-json\/wp\/v2\/users\/4"}],"replies":[{"embeddable":true,"href":"https:\/\/www.lumoplan.de\/pl\/wp-json\/wp\/v2\/comments?post=3513"}],"version-history":[{"count":9,"href":"https:\/\/www.lumoplan.de\/pl\/wp-json\/wp\/v2\/pages\/3513\/revisions"}],"predecessor-version":[{"id":5342,"href":"https:\/\/www.lumoplan.de\/pl\/wp-json\/wp\/v2\/pages\/3513\/revisions\/5342"}],"wp:attachment":[{"href":"https:\/\/www.lumoplan.de\/pl\/wp-json\/wp\/v2\/media?parent=3513"}],"curies":[{"name":"wp","href":"https:\/\/api.w.org\/{rel}","templated":true}]}}