{"id":2127,"date":"2017-04-29T18:13:11","date_gmt":"2017-04-29T16:13:11","guid":{"rendered":"http:\/\/www.lumoplan.de\/?page_id=2127\/"},"modified":"2019-12-13T13:12:47","modified_gmt":"2019-12-13T12:12:47","slug":"doradztwo-oswietleniowe","status":"publish","type":"page","link":"https:\/\/www.lumoplan.de\/pl\/doradztwo-oswietleniowe\/","title":{"rendered":"Doradztwo o\u015bwietleniowe"},"content":{"rendered":"<div class=\"fusion-fullwidth fullwidth-box fusion-builder-row-1 nonhundred-percent-fullwidth non-hundred-percent-height-scrolling\" style=\"background-color: #ffffff;background-position: right center;background-repeat: no-repeat;padding-top:50px;padding-right:0px;padding-bottom:110px;padding-left:0px;margin-bottom: 0px;margin-top: 0px;border-width: 0px 0px 0px 0px;border-color:#eae9e9;border-style:solid;\" ><div class=\"fusion-builder-row fusion-row\"><div class=\"fusion-layout-column fusion_builder_column fusion-builder-column-0 fusion_builder_column_1_2 1_2 fusion-one-half fusion-column-first\" style=\"width:48%; margin-right: 4%;margin-top:0px;margin-bottom:20px;\"><div class=\"fusion-column-wrapper fusion-flex-column-wrapper-legacy\" style=\"background-position:left top;background-repeat:no-repeat;-webkit-background-size:cover;-moz-background-size:cover;-o-background-size:cover;background-size:cover;padding: 0px 0px 0px 0px;\"><style type=\"text\/css\"><\/style><div class=\"fusion-title title fusion-title-1 fusion-sep-none fusion-title-text fusion-title-size-one\" style=\"margin-top:0px;margin-right:0px;margin-bottom:31px;margin-left:0px;\"><h1 class=\"title-heading-left fusion-responsive-typography-calculated\" style=\"margin:0;--fontSize:50;line-height:1.33;\">Doradztwo o\u015bwietleniowe<\/h1><\/div><div class=\"fusion-clearfix\"><\/div><\/div><\/div><div class=\"fusion-layout-column fusion_builder_column fusion-builder-column-1 fusion_builder_column_1_2 1_2 fusion-one-half fusion-column-last\" style=\"width:48%;margin-top:0px;margin-bottom:20px;\"><div class=\"fusion-column-wrapper fusion-flex-column-wrapper-legacy\" style=\"background-position:left top;background-repeat:no-repeat;-webkit-background-size:cover;-moz-background-size:cover;-o-background-size:cover;background-size:cover;padding: 0px 0px 0px 0px;\"><div class=\"fusion-text fusion-text-1\"><p>Nasze projekty s\u0105 dopasowane do potrzeb ludzi w zgodzie z ich osobistym otoczeniem. Lumoplan planuje wn\u0119trza mieszkalne zwracaj\u0105c uwag\u0119 na funkcjonalno\u015b\u0107, wydajno\u015b\u0107 oraz harmoni\u0119. Wsp\u00f3\u0142pracuj\u0105c z architektem oraz inwestorem opracowujemy optymalne rozwi\u0105zanie dla Pa\u0144stwa projektu.<\/p>\n<\/div><div class=\"fusion-text fusion-text-2\"><p>\u279d <a href=\"\/pl\/koncepcje-oswietleniowe\/\">Koncepcje o\u015bwietleniowe<\/a><br \/>\n\u279d <a href=\"\/pl\/sprzedaz-dystrybucja\/\">Sprzeda\u017c &amp; Dystrybucja<\/a><\/p>\n<\/div><div class=\"fusion-clearfix\"><\/div><\/div><\/div><\/div><\/div>\n","protected":false},"excerpt":{"rendered":"","protected":false},"author":3,"featured_media":0,"parent":0,"menu_order":0,"comment_status":"closed","ping_status":"closed","template":"100-width.php","meta":{"footnotes":""},"class_list":["post-2127","page","type-page","status-publish","hentry"],"_links":{"self":[{"href":"https:\/\/www.lumoplan.de\/pl\/wp-json\/wp\/v2\/pages\/2127","targetHints":{"allow":["GET"]}}],"collection":[{"href":"https:\/\/www.lumoplan.de\/pl\/wp-json\/wp\/v2\/pages"}],"about":[{"href":"https:\/\/www.lumoplan.de\/pl\/wp-json\/wp\/v2\/types\/page"}],"author":[{"embeddable":true,"href":"https:\/\/www.lumoplan.de\/pl\/wp-json\/wp\/v2\/users\/3"}],"replies":[{"embeddable":true,"href":"https:\/\/www.lumoplan.de\/pl\/wp-json\/wp\/v2\/comments?post=2127"}],"version-history":[{"count":7,"href":"https:\/\/www.lumoplan.de\/pl\/wp-json\/wp\/v2\/pages\/2127\/revisions"}],"predecessor-version":[{"id":3962,"href":"https:\/\/www.lumoplan.de\/pl\/wp-json\/wp\/v2\/pages\/2127\/revisions\/3962"}],"wp:attachment":[{"href":"https:\/\/www.lumoplan.de\/pl\/wp-json\/wp\/v2\/media?parent=2127"}],"curies":[{"name":"wp","href":"https:\/\/api.w.org\/{rel}","templated":true}]}}