{"id":2124,"date":"2017-04-29T18:06:50","date_gmt":"2017-04-29T16:06:50","guid":{"rendered":"http:\/\/www.lumoplan.de\/?page_id=2124\/"},"modified":"2020-01-28T09:07:28","modified_gmt":"2020-01-28T08:07:28","slug":"uslugi","status":"publish","type":"page","link":"https:\/\/www.lumoplan.de\/pl\/uslugi\/","title":{"rendered":"Us\u0142ugi"},"content":{"rendered":"<div class=\"fusion-fullwidth fullwidth-box fusion-builder-row-1 nonhundred-percent-fullwidth non-hundred-percent-height-scrolling\" style=\"background-color: #ffffff;background-position: left top;background-repeat: no-repeat;padding-top:50px;padding-right:0px;padding-bottom:110px;padding-left:0px;margin-bottom: 0px;margin-top: 0px;border-width: 0px 0px 0px 0px;border-color:#eae9e9;border-style:solid;\" ><div class=\"fusion-builder-row fusion-row\"><div class=\"fusion-layout-column fusion_builder_column fusion-builder-column-0 fusion_builder_column_1_2 1_2 fusion-one-half fusion-column-first\" style=\"width:48%; margin-right: 4%;margin-top:0px;margin-bottom:50px;\"><div class=\"fusion-column-wrapper fusion-flex-column-wrapper-legacy\" style=\"background-position:left top;background-repeat:no-repeat;-webkit-background-size:cover;-moz-background-size:cover;-o-background-size:cover;background-size:cover;padding: 0px 0px 0px 0px;\"><style type=\"text\/css\"><\/style><div class=\"fusion-title title fusion-title-1 fusion-sep-none fusion-title-text fusion-title-size-one\" style=\"margin-top:0px;margin-right:0px;margin-bottom:31px;margin-left:0px;\"><h1 class=\"title-heading-left fusion-responsive-typography-calculated\" style=\"margin:0;--fontSize:50;line-height:1.33;\">Co oferujemy<\/h1><\/div><div class=\"fusion-clearfix\"><\/div><\/div><\/div><div class=\"fusion-layout-column fusion_builder_column fusion-builder-column-1 fusion_builder_column_1_2 1_2 fusion-one-half fusion-column-last\" style=\"width:48%;margin-top:0px;margin-bottom:50px;\"><div class=\"fusion-column-wrapper fusion-flex-column-wrapper-legacy\" style=\"background-position:left top;background-repeat:no-repeat;-webkit-background-size:cover;-moz-background-size:cover;-o-background-size:cover;background-size:cover;padding: 0px 0px 0px 0px;\"><div class=\"fusion-text fusion-text-1\"><p>Lumoplan oferuje wykonanie koncepcji o\u015bwietleniowych dopasowanych do Pa\u0144stwa indywidualnych potrzeb. Nasza znajomo\u015b\u0107 rynku o\u015bwietleniowego umo\u017cliwia nam wybranie odpowiednich produkt\u00f3w w korzystnych cenach.<\/p>\n<\/div><div class=\"fusion-clearfix\"><\/div><\/div><\/div><div class=\"fusion-layout-column fusion_builder_column fusion-builder-column-2 fusion_builder_column_1_3 1_3 fusion-one-third fusion-column-first\" style=\"width:30.6666%; margin-right: 4%;margin-top:0px;margin-bottom:40px;\"><div class=\"fusion-column-wrapper fusion-flex-column-wrapper-legacy\" style=\"background-position:left top;background-repeat:no-repeat;-webkit-background-size:cover;-moz-background-size:cover;-o-background-size:cover;background-size:cover;border:1px solid #f5f5f7;padding: 25px 25px 25px 25px;\"><span class=\" fusion-imageframe imageframe-none imageframe-1 hover-type-none\"><a class=\"fusion-no-lightbox\" href=\"\/pl\/doradztwo-oswietleniowe\/\" target=\"_self\" aria-label=\"Lumoplan Dienstleistungen Lichtberatung\"><img decoding=\"async\" width=\"800\" height=\"457\" src=\"https:\/\/www.lumoplan.de\/wp-content\/uploads\/2020\/01\/Lumoplan-Dienstleistungen-Lichtberatung.jpg\" data-orig-src=\"https:\/\/www.lumoplan.de\/wp-content\/uploads\/2020\/01\/Lumoplan-Dienstleistungen-Lichtberatung-800x457.jpg\" alt class=\"lazyload img-responsive wp-image-3966\" srcset=\"data:image\/svg+xml,%3Csvg%20xmlns%3D%27http%3A%2F%2Fwww.w3.org%2F2000%2Fsvg%27%20width%3D%271124%27%20height%3D%27642%27%20viewBox%3D%270%200%201124%20642%27%3E%3Crect%20width%3D%271124%27%20height%3D%27642%27%20fill-opacity%3D%220%22%2F%3E%3C%2Fsvg%3E\" data-srcset=\"https:\/\/www.lumoplan.de\/wp-content\/uploads\/2020\/01\/Lumoplan-Dienstleistungen-Lichtberatung-200x114.jpg 200w, https:\/\/www.lumoplan.de\/wp-content\/uploads\/2020\/01\/Lumoplan-Dienstleistungen-Lichtberatung-400x228.jpg 400w, https:\/\/www.lumoplan.de\/wp-content\/uploads\/2020\/01\/Lumoplan-Dienstleistungen-Lichtberatung-600x343.jpg 600w, https:\/\/www.lumoplan.de\/wp-content\/uploads\/2020\/01\/Lumoplan-Dienstleistungen-Lichtberatung-800x457.jpg 800w, https:\/\/www.lumoplan.de\/wp-content\/uploads\/2020\/01\/Lumoplan-Dienstleistungen-Lichtberatung.jpg 1124w\" data-sizes=\"auto\" data-orig-sizes=\"(max-width: 800px) 100vw, 400px\" \/><\/a><\/span><div class=\"fusion-sep-clear\"><\/div><div class=\"fusion-separator fusion-full-width-sep\" style=\"margin-left: auto;margin-right: auto;margin-bottom:25px;width:100%;\"><\/div><div class=\"fusion-sep-clear\"><\/div><style type=\"text\/css\"><\/style><div class=\"fusion-title title fusion-title-2 fusion-sep-none fusion-title-text fusion-title-size-two\" style=\"margin-top:0px;margin-right:0px;margin-bottom:31px;margin-left:0px;\"><h2 class=\"title-heading-left fusion-responsive-typography-calculated\" style=\"margin:0;--fontSize:28;line-height:1.25;\">Doradztwo o\u015bwietleniowe<\/h2><\/div><div class=\"fusion-text fusion-text-2\"><p>Nasze projekty<b> <\/b>o\u015bwietleniowe<b> <\/b>wn\u0119trz powstaj\u0105 ze szczeg\u00f3ln\u0105 dba\u0142o\u015bci\u0105 o funkcjonalno\u015b\u0107, wydajno\u015b\u0107 oraz harmoni\u0119.<\/p>\n<p>\u279d <a href=\"\/pl\/doradztwo-oswietleniowe\/\">Wi\u0119cej <\/a><\/p>\n<\/div><div class=\"fusion-clearfix\"><\/div><\/div><\/div><div class=\"fusion-layout-column fusion_builder_column fusion-builder-column-3 fusion_builder_column_1_3 1_3 fusion-one-third\" style=\"width:30.6666%; margin-right: 4%;margin-top:0px;margin-bottom:40px;\"><div class=\"fusion-column-wrapper fusion-flex-column-wrapper-legacy\" style=\"background-position:left top;background-repeat:no-repeat;-webkit-background-size:cover;-moz-background-size:cover;-o-background-size:cover;background-size:cover;border:1px solid #f5f5f7;padding: 25px 25px 25px 25px;\"><span class=\" fusion-imageframe imageframe-none imageframe-2 hover-type-none\"><a class=\"fusion-no-lightbox\" href=\"\/pl\/koncepcje-oswietleniowe\/\" target=\"_self\" aria-label=\"Lumoplan Dienstleistungen Lichtplanung\"><img decoding=\"async\" width=\"800\" height=\"457\" src=\"https:\/\/www.lumoplan.de\/wp-content\/uploads\/2020\/01\/Lumoplan-Dienstleistungen-Lichtplanung.jpg\" data-orig-src=\"https:\/\/www.lumoplan.de\/wp-content\/uploads\/2020\/01\/Lumoplan-Dienstleistungen-Lichtplanung-800x457.jpg\" alt class=\"lazyload img-responsive wp-image-3967\" srcset=\"data:image\/svg+xml,%3Csvg%20xmlns%3D%27http%3A%2F%2Fwww.w3.org%2F2000%2Fsvg%27%20width%3D%271124%27%20height%3D%27642%27%20viewBox%3D%270%200%201124%20642%27%3E%3Crect%20width%3D%271124%27%20height%3D%27642%27%20fill-opacity%3D%220%22%2F%3E%3C%2Fsvg%3E\" data-srcset=\"https:\/\/www.lumoplan.de\/wp-content\/uploads\/2020\/01\/Lumoplan-Dienstleistungen-Lichtplanung-200x114.jpg 200w, https:\/\/www.lumoplan.de\/wp-content\/uploads\/2020\/01\/Lumoplan-Dienstleistungen-Lichtplanung-400x228.jpg 400w, https:\/\/www.lumoplan.de\/wp-content\/uploads\/2020\/01\/Lumoplan-Dienstleistungen-Lichtplanung-600x343.jpg 600w, https:\/\/www.lumoplan.de\/wp-content\/uploads\/2020\/01\/Lumoplan-Dienstleistungen-Lichtplanung-800x457.jpg 800w, https:\/\/www.lumoplan.de\/wp-content\/uploads\/2020\/01\/Lumoplan-Dienstleistungen-Lichtplanung.jpg 1124w\" data-sizes=\"auto\" data-orig-sizes=\"(max-width: 800px) 100vw, 400px\" \/><\/a><\/span><div class=\"fusion-sep-clear\"><\/div><div class=\"fusion-separator fusion-full-width-sep\" style=\"margin-left: auto;margin-right: auto;margin-bottom:25px;width:100%;\"><\/div><div class=\"fusion-sep-clear\"><\/div><style type=\"text\/css\"><\/style><div class=\"fusion-title title fusion-title-3 fusion-sep-none fusion-title-text fusion-title-size-two\" style=\"margin-top:0px;margin-right:0px;margin-bottom:31px;margin-left:0px;\"><h2 class=\"title-heading-left fusion-responsive-typography-calculated\" style=\"margin:0;--fontSize:28;line-height:1.25;\">Koncepcje o\u015bwietleniowe<\/h2><\/div><div class=\"fusion-text fusion-text-3\"><p>Podstaw\u0105 prawid\u0142owego o\u015bwietlenia wysokiej jako\u015bci i jednocze\u015bnie efektywnego energetycznie jest dla nas dok\u0142adna analiza oraz wykonanie sumiennego projektu. Po wst\u0119pnym okre\u015bleniu cel\u00f3w i priorytet\u00f3w oraz oszacowaniu technicznych mo\u017cliwo\u015bci realizacji przygotowujemy koncepcj\u0119 o\u015bwietlenia.<\/p>\n<p>\u279d <a href=\"\/pl\/koncepcje-oswietleniowe\/\">Wi\u0119cej<\/a><\/p>\n<\/div><div class=\"fusion-clearfix\"><\/div><\/div><\/div><div class=\"fusion-layout-column fusion_builder_column fusion-builder-column-4 fusion_builder_column_1_3 1_3 fusion-one-third fusion-column-last\" style=\"width:30.6666%;margin-top:0px;margin-bottom:40px;\"><div class=\"fusion-column-wrapper fusion-flex-column-wrapper-legacy\" style=\"background-position:left top;background-repeat:no-repeat;-webkit-background-size:cover;-moz-background-size:cover;-o-background-size:cover;background-size:cover;border:1px solid #f5f5f7;padding: 25px 25px 25px 25px;\"><span class=\" fusion-imageframe imageframe-none imageframe-3 hover-type-none\"><a class=\"fusion-no-lightbox\" href=\"\/pl\/sprzedaz-dystrybucja\/\" target=\"_self\" aria-label=\"Lumoplan Dienstleistungen Vertrieb\"><img decoding=\"async\" width=\"800\" height=\"457\" src=\"https:\/\/www.lumoplan.de\/wp-content\/uploads\/2020\/01\/Lumoplan-Dienstleistungen-Vertrieb.jpg\" data-orig-src=\"https:\/\/www.lumoplan.de\/wp-content\/uploads\/2020\/01\/Lumoplan-Dienstleistungen-Vertrieb-800x457.jpg\" alt class=\"lazyload img-responsive wp-image-3968\" srcset=\"data:image\/svg+xml,%3Csvg%20xmlns%3D%27http%3A%2F%2Fwww.w3.org%2F2000%2Fsvg%27%20width%3D%271124%27%20height%3D%27642%27%20viewBox%3D%270%200%201124%20642%27%3E%3Crect%20width%3D%271124%27%20height%3D%27642%27%20fill-opacity%3D%220%22%2F%3E%3C%2Fsvg%3E\" data-srcset=\"https:\/\/www.lumoplan.de\/wp-content\/uploads\/2020\/01\/Lumoplan-Dienstleistungen-Vertrieb-200x114.jpg 200w, https:\/\/www.lumoplan.de\/wp-content\/uploads\/2020\/01\/Lumoplan-Dienstleistungen-Vertrieb-400x228.jpg 400w, https:\/\/www.lumoplan.de\/wp-content\/uploads\/2020\/01\/Lumoplan-Dienstleistungen-Vertrieb-600x343.jpg 600w, https:\/\/www.lumoplan.de\/wp-content\/uploads\/2020\/01\/Lumoplan-Dienstleistungen-Vertrieb-800x457.jpg 800w, https:\/\/www.lumoplan.de\/wp-content\/uploads\/2020\/01\/Lumoplan-Dienstleistungen-Vertrieb.jpg 1124w\" data-sizes=\"auto\" data-orig-sizes=\"(max-width: 800px) 100vw, 400px\" \/><\/a><\/span><div class=\"fusion-sep-clear\"><\/div><div class=\"fusion-separator fusion-full-width-sep\" style=\"margin-left: auto;margin-right: auto;margin-bottom:25px;width:100%;\"><\/div><div class=\"fusion-sep-clear\"><\/div><style type=\"text\/css\"><\/style><div class=\"fusion-title title fusion-title-4 fusion-sep-none fusion-title-text fusion-title-size-two\" style=\"margin-top:0px;margin-right:0px;margin-bottom:31px;margin-left:0px;\"><h2 class=\"title-heading-left fusion-responsive-typography-calculated\" style=\"margin:0;--fontSize:28;line-height:1.25;\">Sprzeda\u017c &amp; Dystrybucja<\/h2><\/div><div class=\"fusion-text fusion-text-4\"><p>Oferujemy sprzeda\u017c ekskluzywnych opraw o\u015bwietleniowych dla Pa\u0144stwa obiekt\u00f3w komercyjnych oraz prywatnych. Organizujemy dystrybucj\u0119 produkt\u00f3w w hurcie i w detalu wszystkich znanych producent\u00f3w. Ch\u0119tnie przygotujemy korzystn\u0105 dla Pa\u0144stwa ofert\u0119.<\/p>\n<p>\u279d <a href=\"\/pl\/sprzedaz-dystrybucja\/\">Wi\u0119cej<\/a><\/p>\n<\/div><div class=\"fusion-clearfix\"><\/div><\/div><\/div><\/div><\/div>\n","protected":false},"excerpt":{"rendered":"","protected":false},"author":3,"featured_media":0,"parent":0,"menu_order":0,"comment_status":"closed","ping_status":"closed","template":"100-width.php","meta":{"footnotes":""},"class_list":["post-2124","page","type-page","status-publish","hentry"],"_links":{"self":[{"href":"https:\/\/www.lumoplan.de\/pl\/wp-json\/wp\/v2\/pages\/2124","targetHints":{"allow":["GET"]}}],"collection":[{"href":"https:\/\/www.lumoplan.de\/pl\/wp-json\/wp\/v2\/pages"}],"about":[{"href":"https:\/\/www.lumoplan.de\/pl\/wp-json\/wp\/v2\/types\/page"}],"author":[{"embeddable":true,"href":"https:\/\/www.lumoplan.de\/pl\/wp-json\/wp\/v2\/users\/3"}],"replies":[{"embeddable":true,"href":"https:\/\/www.lumoplan.de\/pl\/wp-json\/wp\/v2\/comments?post=2124"}],"version-history":[{"count":8,"href":"https:\/\/www.lumoplan.de\/pl\/wp-json\/wp\/v2\/pages\/2124\/revisions"}],"predecessor-version":[{"id":3977,"href":"https:\/\/www.lumoplan.de\/pl\/wp-json\/wp\/v2\/pages\/2124\/revisions\/3977"}],"wp:attachment":[{"href":"https:\/\/www.lumoplan.de\/pl\/wp-json\/wp\/v2\/media?parent=2124"}],"curies":[{"name":"wp","href":"https:\/\/api.w.org\/{rel}","templated":true}]}}