{"id":2115,"date":"2017-04-29T17:40:20","date_gmt":"2017-04-29T15:40:20","guid":{"rendered":"http:\/\/www.lumoplan.de\/?page_id=2115\/"},"modified":"2019-11-03T14:26:50","modified_gmt":"2019-11-03T13:26:50","slug":"nota-prawna","status":"publish","type":"page","link":"https:\/\/www.lumoplan.de\/pl\/nota-prawna\/","title":{"rendered":"Nota prawna"},"content":{"rendered":"<h1>Impressum<\/h1>\n<p>Angaben gem\u00e4\u00df \u00a7 5 TMG<\/p>\n<p>Lumoplan GmbH &amp; CO. KG<br \/>\nK\u00e4rntener Str. 9<br \/>\n10827 Berlin<\/p>\n<p>Tel. +49 30 437 462 92<br \/>\nMail: <a href=\"mailto:info@lumoplan.de\">info@lumoplan.de<\/a><\/p>\n<h3>Vertreten durch<\/h3>\n<p>Monique Lander<br \/>\nSven Kollerup-Nielsen<\/p>\n<h2><span style=\"color: #333333;\">Registereintrag<\/span><\/h2>\n<h3>Eintragung im Handelsregister<\/h3>\n<p>Registergericht: Amtsgericht Charlottenburg<\/p>\n<p>Registernummer: HRA 42383 B<br \/>\nSteuernummer: 29\/162\/00134<br \/>\nUmsatzsteuer-ID:\u00a0DE263758351<\/p>\n<p>Aufsichtsbeh\u00f6rde:\u00a0Amtsgericht Charlottenburg<\/p>\n<p>Verantwortlich f\u00fcr den Inhalt nach \u00a7 55 Abs. 2 RStV<br \/>\nPers. haft. Gesellschaftler<br \/>\nLumoplan Verwaltungs GmbH<br \/>\nBerlin HRB 117803 B<br \/>\nMonique Lander \/ Sven Kollerup-Nielsen<\/p>\n<h2><span style=\"color: #333333;\">Haftungsausschluss (Disclaimer)<\/span><\/h2>\n<h3>Haftung f\u00fcr Inhalte<\/h3>\n<p>Als Diensteanbieter sind wir gem\u00e4\u00df \u00a7 7 Abs.1 TMG f\u00fcr eigene Inhalte auf diesen Seiten nach den allgemeinen Gesetzen verantwortlich. Nach \u00a7\u00a7 8 bis 10 TMG sind wir als Diensteanbieter jedoch nicht verpflichtet, \u00fcbermittelte oder gespeicherte fremde Informationen zu \u00fcberwachen oder nach Umst\u00e4nden zu forschen, die auf eine rechtswidrige T\u00e4tigkeit hinweisen. Verpflichtungen zur Entfernung oder Sperrung der Nutzung von Informationen nach den allgemeinen Gesetzen bleiben hiervon unber\u00fchrt. Eine diesbez\u00fcgliche Haftung ist jedoch erst ab dem Zeitpunkt der Kenntnis einer konkreten Rechtsverletzung m\u00f6glich. Bei Bekanntwerden von entsprechenden Rechtsverletzungen werden wir diese Inhalte umgehend entfernen.<\/p>\n<h3>Haftung f\u00fcr Links<\/h3>\n<p>Unser Angebot enth\u00e4lt Links zu externen Webseiten Dritter, auf deren Inhalte wir keinen Einfluss haben. Deshalb k\u00f6nnen wir f\u00fcr diese fremden Inhalte auch keine Gew\u00e4hr \u00fcbernehmen. F\u00fcr die Inhalte der verlinkten Seiten ist stets der jeweilige Anbieter oder Betreiber der Seiten verantwortlich. Die verlinkten Seiten wurden zum Zeitpunkt der Verlinkung auf m\u00f6gliche Rechtsverst\u00f6\u00dfe \u00fcberpr\u00fcft. Rechtswidrige Inhalte waren zum Zeitpunkt der Verlinkung nicht erkennbar. Eine permanente inhaltliche Kontrolle der verlinkten Seiten ist jedoch ohne konkrete Anhaltspunkte einer Rechtsverletzung nicht zumutbar. Bei Bekanntwerden von Rechtsverletzungen werden wir derartige Links umgehend entfernen.<\/p>\n<h3>Urheberrecht<\/h3>\n<p>Die durch die Seitenbetreiber erstellten Inhalte und Werke auf diesen Seiten unterliegen dem deutschen Urheberrecht. Die Vervielf\u00e4ltigung, Bearbeitung, Verbreitung und jede Art der Verwertung au\u00dferhalb der Grenzen des Urheberrechtes bed\u00fcrfen der schriftlichen Zustimmung des jeweiligen Autors bzw. Erstellers. Downloads und Kopien dieser Seite sind nur f\u00fcr den privaten, nicht kommerziellen Gebrauch gestattet. Soweit die Inhalte auf dieser Seite nicht vom Betreiber erstellt wurden, werden die Urheberrechte Dritter beachtet. Insbesondere werden Inhalte Dritter als solche gekennzeichnet. Sollten Sie trotzdem auf eine Urheberrechtsverletzung aufmerksam werden, bitten wir um einen entsprechenden Hinweis. Bei Bekanntwerden von Rechtsverletzungen werden wir derartige Inhalte umgehend entfernen.<\/p>\n<h3>Konzeption und technische Realisierung<\/h3>\n<p>Grafische Gestaltung und technische Realisierung dieser Webseite wurde von Witalik Makus (<a href=\"https:\/\/www.witalikmakus.com\" target=\"_blank\" rel=\"noopener noreferrer\">www.witalikmakus.com<\/a>) aus Berlin realisiert. F\u00fcr den Inhalt bleibt der Herausgeber dieser Webseite verantwortlich.<\/p>\n<h3>Fotografie<\/h3>\n<p>\u2022 Fotograf Jonathan Palanco <a href=\"https:\/\/www.jonathanpalanco.com\" target=\"_blank\" rel=\"noopener noreferrer\">(www.jonathanpalanco.com)<\/a>\u00a0aus Berlin (Interior Design &amp; Light Design)<br \/>\n\u2022 Sebastian Dornbrach<\/p>\n<h3><\/h3>\n","protected":false},"excerpt":{"rendered":"<p>Impressum Angaben gem\u00e4\u00df \u00a7 5 TMG Lumoplan GmbH &amp; CO. KG K\u00e4rntener Str. 9 10827 Berlin Tel. +49 30 437 462 92 Mail: info@lumoplan.de Vertreten durch Monique Lander Sven Kollerup-Nielsen Registereintrag Eintragung im Handelsregister Registergericht: Amtsgericht Charlottenburg Registernummer: HRA 42383 B Steuernummer: 29\/162\/00134 Umsatzsteuer-ID:\u00a0DE263758351 Aufsichtsbeh\u00f6rde:\u00a0Amtsgericht Charlottenburg Verantwortlich f\u00fcr den Inhalt nach \u00a7 55 Abs. 2 [&hellip;]<\/p>\n","protected":false},"author":3,"featured_media":0,"parent":0,"menu_order":0,"comment_status":"closed","ping_status":"closed","template":"","meta":{"footnotes":""},"class_list":["post-2115","page","type-page","status-publish","hentry"],"_links":{"self":[{"href":"https:\/\/www.lumoplan.de\/pl\/wp-json\/wp\/v2\/pages\/2115","targetHints":{"allow":["GET"]}}],"collection":[{"href":"https:\/\/www.lumoplan.de\/pl\/wp-json\/wp\/v2\/pages"}],"about":[{"href":"https:\/\/www.lumoplan.de\/pl\/wp-json\/wp\/v2\/types\/page"}],"author":[{"embeddable":true,"href":"https:\/\/www.lumoplan.de\/pl\/wp-json\/wp\/v2\/users\/3"}],"replies":[{"embeddable":true,"href":"https:\/\/www.lumoplan.de\/pl\/wp-json\/wp\/v2\/comments?post=2115"}],"version-history":[{"count":6,"href":"https:\/\/www.lumoplan.de\/pl\/wp-json\/wp\/v2\/pages\/2115\/revisions"}],"predecessor-version":[{"id":3449,"href":"https:\/\/www.lumoplan.de\/pl\/wp-json\/wp\/v2\/pages\/2115\/revisions\/3449"}],"wp:attachment":[{"href":"https:\/\/www.lumoplan.de\/pl\/wp-json\/wp\/v2\/media?parent=2115"}],"curies":[{"name":"wp","href":"https:\/\/api.w.org\/{rel}","templated":true}]}}