{"id":1971,"date":"2017-03-16T12:52:26","date_gmt":"2017-03-16T11:52:26","guid":{"rendered":"http:\/\/www.lumoplan.de\/?page_id=1971\/"},"modified":"2019-11-03T19:23:13","modified_gmt":"2019-11-03T18:23:13","slug":"terms-of-use","status":"publish","type":"page","link":"https:\/\/www.lumoplan.de\/en\/terms-of-use\/","title":{"rendered":"Terms Of Use"},"content":{"rendered":"<h1>Allgemeine Gesch\u00e4ftsbedingungen (AGB)<\/h1>\n<h2>1. Geltung<\/h2>\n<p style=\"padding-left: 30px;\"><strong>1.1<\/strong> F\u00fcr alle mit der Lumoplan GmbH &amp; Co. KG (im Folgenden: Lumoplan) geschlossenen Vertr\u00e4ge gelten ausschlie\u00dflich die nachfolgenden Bedingungen. Bedingungen des Kunden, welche von den vorliegenden Allgemeinen Gesch\u00e4ftsbedingungen abweichen, werden nicht wirksamer Vertragsbestandteil. Dies gilt auch dann, wenn Lumoplan ihnen nicht ausdr\u00fccklich widerspricht und\/oder der Kunde f\u00fcr den Widerspruch eine besondere Form vorgeschrieben hat.<\/p>\n<p style=\"padding-left: 30px;\"><strong>1.2<\/strong> Mit der Erteilung des Auftrages erkennt der Kunde die ausschlie\u00dfliche G\u00fcltigkeit dieser Gesch\u00e4ftsbedingungen an.<\/p>\n<h2>2. Vertragsabschluss<\/h2>\n<p style=\"padding-left: 30px;\"><strong>2.1<\/strong> Ein Vertrag zwischen Lumoplan und dem Kunden kommt zustande durch eine schriftliche Auftragsbest\u00e4tigung per Brief, Fax oder E-Mail seitens Lumoplan. Der Kunde ist an einen von ihm erteilten und von Lumoplan noch nicht angenommenen Auftrag 14 Kalendertage nach Absendung gebunden. Lumoplan ist berechtigt, das Angebot innerhalb dieser Frist anzunehmen. Ma\u00dfgeblich f\u00fcr die Einhaltung der Frist ist der Zeitpunkt, in dem die Annahme seitens Lumoplan dem Kunden zugeht. Als Annahme gilt auch die Ausf\u00fchrung des Auftrags durch Lumoplan oder die Annahme von Vorauszahlungen auf die f\u00fcr den Auftrag anfallende Verg\u00fctung.<\/p>\n<p style=\"padding-left: 30px;\"><strong>2.2<\/strong> Vom Kunden m\u00fcndlich erteilte Auftr\u00e4ge und Auftrags\u00e4nderungen bereits best\u00e4tigter Auftr\u00e4ge werden nur wirksam, wenn sie von Lumoplan schriftlich best\u00e4tigt sind.<\/p>\n<p style=\"padding-left: 30px;\"><strong>2.3<\/strong> Lumoplan hat das Recht, noch nicht best\u00e4tigte Auftr\u00e4ge auch ohne Angabe von Gr\u00fcnden abzulehnen.<\/p>\n<p style=\"padding-left: 30px;\"><strong>2.4<\/strong> In Prospekten, Anzeigen und anderen Werbematerialien sowie auf der Website von Lumoplan enthaltene Angebote und Preisangaben sind freibleibend und unverbindlich.<\/p>\n<h2>3. Preise und Leistungsumfang<\/h2>\n<p style=\"padding-left: 30px;\"><strong>3.1<\/strong> F\u00fcr die mit Lumoplan abgeschlossenen Vertr\u00e4ge gelten die zum Zeitpunkt des Vertragsabschlusses jeweils g\u00fcltigen Preise inklusive Umsatzsteuer, sofern einzelvertraglich nichts anderes vereinbart wurde.<\/p>\n<p style=\"padding-left: 30px;\"><strong>3.2<\/strong>\u00a0Ist der Kunde ein Unternehmer, so werden Preis\u00e4nderungen f\u00fcr bestehende Vertr\u00e4ge wirksam, wenn sie von Lumoplan einen Monat vor Inkrafttreten der \u00c4nderung unter Angabe des neuen Preises angek\u00fcndigt werden. In diesem Fall steht dem Kunden ein R\u00fccktrittsrecht zu, welches vor Ablauf von f\u00fcnf Werktagen nach Erhalt der jeweiligen Ank\u00fcndigung einer Preis\u00e4nderung durch Erkl\u00e4rung ausge\u00fcbt werden kann.<\/p>\n<p style=\"padding-left: 30px;\"><strong>3.3<\/strong> Die Preise gelten f\u00fcr den in den Auftragsbest\u00e4tigungen aufgef\u00fchrten Leistungs- und Lieferumfang. Mehr- oder Sonderleistungen werden gesondert berechnet und werden sp\u00e4testens mit \u00dcbergabe oder Abnahme zur Zahlung f\u00e4llig.<\/p>\n<p style=\"padding-left: 30px;\"><strong>3.4<\/strong> Lumoplan ist aufgrund des Vertragsabschlusses nicht zu Montage- und\/oder Installationsarbeiten verpflichtet. Lumoplan kann auf Wunsch des Kunden Montagearbeiten in das Angebot aufnehmen. Diese werden jedoch nicht von Lumoplan, sondern von einem externen Dienstleister durchgef\u00fchrt, welchen Lumoplan im Namen des Kunden beauftragt. Die Regelungen der Vergabe- und Vertragsordnung f\u00fcr Bauleistungen (VOB) finden keine Anwendung.<\/p>\n<h2>4. Zahlungen<\/h2>\n<p style=\"padding-left: 30px;\"><strong>4.1<\/strong> Rechnungsbetr\u00e4ge sind innerhalb von drei\u00dfig Tagen ohne jeden Abzug zu bezahlen, sofern nicht etwas anderes schriftlich vereinbart ist. Ma\u00dfgebend f\u00fcr das Datum der Zahlung ist der Zahlungseingang bei Lumoplan.<\/p>\n<p style=\"padding-left: 30px;\"><strong>4.2<\/strong> Ist die Erf\u00fcllung des Zahlungsanspruchs wegen einer nach Vertragsschluss eingetretenen oder bekannt gewordenen Verschlechterung der Verm\u00f6gensverh\u00e4ltnisse des Kunden gef\u00e4hrdet, so kann Lumoplan die weitere Ausf\u00fchrung eines Auftrags bis zur Bezahlung aussetzen.<\/p>\n<p style=\"padding-left: 30px;\"><strong>4.3<\/strong> Lumoplan ist berechtigt eine Anzahlung bei Auftragserteilung zu verlangen sowie erst nach Erhalt des Rechnungsbetrages die in Auftrag gegebene Leistung zu erbringen bzw. Ware zu liefern.<\/p>\n<h2>5. Lieferfrist<\/h2>\n<p style=\"padding-left: 30px;\"><strong>5.1<\/strong> Falls Lumoplan die vereinbarte Lieferfrist nicht einhalten kann, hat der Kunde eine angemessene Nachlieferfrist zu gew\u00e4hren, die keinesfalls weniger als 2 Wochen betr\u00e4gt. Liefert Lumoplan bis zum Ablauf der gesetzten Nachlieferfrist nicht, ist der Kunde berechtigt, vom Vertrag zur\u00fcckzutreten.<\/p>\n<p style=\"padding-left: 30px;\"><strong>5.2<\/strong> Lumoplan haftet gegen\u00fcber Kunden, die Unternehmer sind, nicht f\u00fcr Unm\u00f6glichkeit der Lieferung oder f\u00fcr Lieferverz\u00f6gerungen, soweit diese durch h\u00f6here Gewalt oder sonstige zum Zeitpunkt des Vertragsabschlusses nicht vorhersehbare Ereignisse (z.B. Betriebsst\u00f6rungen aller Art, Schwierigkeiten in der Material- oder Energiebeschaffung, Transportverz\u00f6gerungen, Streiks, rechtm\u00e4\u00dfige Aussperrungen, Mangel an Arbeitskr\u00e4ften, Energie oder Rohstoffen, Schwierigkeiten bei der Beschaffung von notwendigen beh\u00f6rdlichen Genehmigungen, beh\u00f6rdliche Ma\u00dfnahmen oder die ausbleibende, nicht richtige oder nicht rechtzeitige Belieferung durch Lieferanten) verursacht worden sind, die Lumoplan nicht zu vertreten hat. Sofern solche Ereignisse Lumoplan die Lieferung oder Leistung wesentlich erschweren oder unm\u00f6glich machen und die Behinderung nicht nur von vor\u00fcbergehender Dauer ist, ist Lumoplan zum R\u00fccktritt vom Vertrag berechtigt. Bei Hindernissen vor\u00fcbergehender Dauer verl\u00e4ngern sich die Liefer- oder Leistungsfristen oder verschieben sich die Liefer- oder Leistungstermine um den Zeitraum der Behinderung zuz\u00fcglich einer angemessenen Frist zur Leistungserbringung nach Wegfall des Hindernisses.<\/p>\n<h2>6. Eigentumsvorbehalt<\/h2>\n<p style=\"padding-left: 30px;\"><strong>6.1<\/strong> Ist der Kunde ein Unternehmer, so bleiben zu liefernde Waren bis zur vollst\u00e4ndigen Erf\u00fcllung s\u00e4mtlicher Verbindlichkeiten des Kunden aus diesem Vertragsverh\u00e4ltnis Eigentum von Lumoplan. Im \u00dcbrigen bleiben zu liefernde Waren bis zu\u00a0deren vollst\u00e4ndiger Bezahlung Eigentum von Lumoplan.<\/p>\n<p style=\"padding-left: 30px;\"><strong>6.2<\/strong> Nicht vollst\u00e4ndig bezahlte Waren darf der Kunde nicht auf eine Weise verarbeiten oder mit anderen Sachen verbinden, die zu einem gesetzlichen Eigentumsverlust seitens Lumoplan f\u00fchrt.<\/p>\n<p style=\"padding-left: 30px;\"><strong>6.3<\/strong> Der Kunde verpflichtet sich das Eigentum von Lumoplan auch dann entsprechend zu wahren, wenn die gelieferten Waren nicht unmittelbar f\u00fcr den Kunden, sondern f\u00fcr Dritte bestimmt sind und\/oder an diese ausgeliefert werden, und hat den Empf\u00e4nger auf diesen Eigentumsvorbehalt ausdr\u00fccklich hinzuweisen.<\/p>\n<p style=\"padding-left: 30px;\"><strong>6.4<\/strong> Jeder Standortwechsel und Eingriffe Dritter, insbesondere Pf\u00e4ndungen, sind Lumoplan unverz\u00fcglich schriftlich mitzuteilen, bei Pf\u00e4ndungen unter Beif\u00fcgung des Pf\u00e4ndungsprotokolls.<\/p>\n<p style=\"padding-left: 30px;\"><strong>6.5<\/strong> Im Fall der Nichteinhaltung der in den Ziffern 6.3 und 6.4 festgelegten Verpflichtungen des Kunden hat Lumoplan das Recht, vom Vertrag zur\u00fcckzutreten und die Ware herauszuverlangen.<\/p>\n<h2>\u00a07. R\u00fccktrittsrecht<\/h2>\n<p style=\"padding-left: 30px;\"><strong>7.1<\/strong> Lumoplan kann vom Vertrag zur\u00fccktreten, wenn der Kunde \u00fcber die f\u00fcr seine Kreditw\u00fcrdigkeit wesentlichen Tatsachen unrichtige Angaben gemacht hat, die den Leistungsanspruch von Lumoplan in begr\u00fcndeter Weise zu gef\u00e4hrden geeignet sind. Gleiches gilt, wenn der Kunde wegen objektiver Zahlungsunf\u00e4higkeit seine Zahlungen einstellt oder \u00fcber sein Verm\u00f6gen ein Insolvenzverfahren beantragt wurde.<\/p>\n<p style=\"padding-left: 30px;\"><strong>7.2<\/strong> Im Falle eines R\u00fccktritts nach Ziffer 7.1 und der R\u00fccknahme gelieferter Waren hat Lumoplan Anspruch auf Ausgleich der Aufwendungen. Der Kunde tr\u00e4gt die Kosten f\u00fcr infolge des Vertrages gemachte Aufwendungen wie Transport- und Montagekosten usw. in entstandener H\u00f6he.<\/p>\n<h2>8. Gew\u00e4hrleistung<\/h2>\n<p style=\"padding-left: 30px;\"><strong>8.1<\/strong> Ist der Kunde ein Unternehmer, so betr\u00e4gt die Gew\u00e4hrleistungsfrist ein Jahr ab Lieferung oder, soweit eine Abnahme erforderlich ist, ab der Abnahme.<\/p>\n<p style=\"padding-left: 30px;\"><strong>8.2<\/strong> Ist der Kunde ein Unternehmer, so ist er verpflichtet, ihm \u00fcbergebene Ware\u00a0unverz\u00fcglich nach dem Erhalt zu pr\u00fcfen und Lumoplan etwaige M\u00e4ngel sp\u00e4testens innerhalb einer Woche ab Erhalt der Ware durch schriftliche M\u00e4ngelr\u00fcge anzuzeigen. Erfolgt die M\u00e4ngelr\u00fcge nicht rechtzeitig, entfallen die Gew\u00e4hrleistungsanspr\u00fcche des Kunden.<\/p>\n<p style=\"padding-left: 30px;\"><strong>8.3<\/strong> Ist der Kunde ein Unternehmer, so ist Lumoplan bei Vorliegen von M\u00e4ngeln nach seiner innerhalb angemessener Frist zu treffenden Wahl zun\u00e4chst zur Nachbesserung oder Ersatzlieferung verpflichtet und berechtigt. Im Falle des zweimaligen Fehlschlagens, der Unm\u00f6glichkeit, Unzumutbarkeit, Verweigerung oder unangemessenen Verz\u00f6gerung der Nachbesserung oder Ersatzlieferung, kann der Kunde vom Vertrag zur\u00fccktreten oder den Kaufpreis angemessen mindern.<\/p>\n<p style=\"padding-left: 30px;\"><strong>8.4<\/strong> Ist der Kunde ein Unternehmer, so entf\u00e4llt die Gew\u00e4hrleistung, wenn der Kunde ohne Zustimmung von Lumoplan den Liefergegenstand \u00e4ndert oder durch Dritte \u00e4ndern l\u00e4sst.<\/p>\n<p style=\"padding-left: 30px;\"><strong>8.5<\/strong> Handels\u00fcbliche und f\u00fcr den Kunden zumutbare Farb- und Oberfl\u00e4chenabweichungen (etwa bei mundgeblasenen Glasoberfl\u00e4chen oder handgefertigten Produkten) stellen keinen Sachmangel dar.<\/p>\n<p style=\"padding-left: 30px;\"><strong>8.6<\/strong> Schadensersatzanspr\u00fcche des Kunden wegen offensichtlicher Sachm\u00e4ngel der gelieferten Ware sind ausgeschlossen, wenn der Kunde gegen\u00fcber Lumoplan den Mangel nicht innerhalb einer Frist von zwei Wochen nach \u00dcbergabe der Ware anzeigt.\u00a0Um unn\u00f6tige Ein- und Ausbaukosten zu vermeiden, ist die Ware bei Erhalt auf vollst\u00e4ndige Funktion zu pr\u00fcfen. Nur so kann ein Sachmangel bei Gefahren\u00fcbergang eindeutig festgestellt werden.\u00a0Lumoplan ersetzt keine durch das Installationshandwerk verursachten Kosten, wenn diese nicht durch eine sorgf\u00e4ltige Pr\u00fcfung des Sachverhaltes und anschlie\u00dfend von Lumoplan schriftlich genehmigt sind.<\/p>\n<p style=\"padding-left: 30px;\"><strong>8.7<\/strong> Sollten M\u00e4ngel bei der Ausf\u00fchrung eines Auftrags auftreten, so ist der Kunde nicht berechtigt, deshalb die Zahlung auf Forderungen aus einem anderen Auftrag zu verweigern. Eine Aufrechnung ist nur zul\u00e4ssig, wenn der zur Aufrechnung gestellte Anspruch des Kunden unbestritten oder rechtskr\u00e4ftig festgestellt ist.<\/p>\n<p style=\"padding-left: 30px;\"><strong>8.8<\/strong> F\u00fcr s\u00e4mtliche Planungsdienstleistungen \u00fcbernimmt Lumoplan keine Gew\u00e4hr.<\/p>\n<h2>9. Widerruf<\/h2>\n<p>Die folgende Widerrufsbelehrung gilt f\u00fcr Fernabsatzvertr\u00e4ge (\u00a7 312b Abs. 1 Satz 1 BGB), bei denen der Kunde ein Verbraucher im Sinne des \u00a7 13 BGB ist.<\/p>\n<hr \/>\n<h3 style=\"text-align: left;\">Widerrufsbelehrung<\/h3>\n<p style=\"text-align: left;\">Widerrufsrecht:<\/p>\n<p style=\"text-align: left;\">Sie k\u00f6nnen ihre Vertragserkl\u00e4rung innerhalb von zwei Wochen ohne Angabe von Gr\u00fcnden in Textform (z.B. Brief, Fax, E-Mail) oder \u2013 wenn der Vertrag die \u00dcberlassung von Sachen umfasst \u2013 durch R\u00fccksendung der Sache widerrufen. Die Frist beginnt nach Erhalt dieser Belehrung in Textform, jedoch nicht vor Vertragsschluss oder vor Erhalt der Sache und auch nicht vor Erf\u00fcllung unserer Informationspflichten gem\u00e4\u00df Artikel 246 \u00a7 2 in Verbindung mit \u00a7 1 Abs. 1 und 2 EGBGB. Zur Wahrung der Widerrufsfrist gen\u00fcgt die rechtzeitige Absendung des Widerrufs oder der Ware. Der Widerruf\/die R\u00fccksendung ist zu richten an:<\/p>\n<p style=\"text-align: left;\">Lumoplan GmbH &amp; Co. KG<br \/>\nK\u00e4rntener Str. 9<br \/>\n10827 Berlin<\/p>\n<p style=\"text-align: left;\">Widerrufsfolgen:<\/p>\n<p style=\"text-align: left;\">Im Falle eines wirksamen Widerrufs sind die beiderseits empfangenen Leistungen zur\u00fcckzugew\u00e4hren und ggf. gezogene Nutzungen (z. B. Zinsen) herauszugeben. K\u00f6nnen Sie der Lumoplan GmbH &amp; Co. KG (Lumoplan) die empfangene Leistung ganz oder teilweise nicht oder nur in verschlechtertem Zustand zur\u00fcckgew\u00e4hren, m\u00fcssen Sie Lumoplan insoweit ggf. Wertersatz leisten. Bei der \u00dcberlassung von Sachen gilt dies nicht, wenn die Verschlechterung der Sache ausschlie\u00dflich auf deren Pr\u00fcfung \u2013 wie sie Ihnen etwa im Ladengesch\u00e4ft m\u00f6glich gewesen w\u00e4re \u2013 zur\u00fcckzuf\u00fchren ist. Im \u00dcbrigen k\u00f6nnen Sie die Pflicht zum Wertersatz f\u00fcr eine durch die bestimmungsgem\u00e4\u00dfe Ingebrauchnahme der Sache entstandene Verschlechterung vermeiden, indem Sie die Sache nicht wie Ihr Eigentum in Gebrauch nehmen und alles unterlassen, was deren Wert beeintr\u00e4chtigt. Paketversandf\u00e4hige Sachen sind auf Kosten und Gefahr von Lumoplan zur\u00fcckzusenden. Nicht paketversandf\u00e4hige Sachen werden bei Ihnen abgeholt. Verpflichtungen zur Erstattung von Zahlungen m\u00fcssen innerhalb von 30 Tagen erf\u00fcllt werden. Die Frist beginnt f\u00fcr Sie mit der Absendung Ihrer Widerrufserkl\u00e4rung oder der Sache, f\u00fcr Lumoplan mit deren Empfang.<\/p>\n<p style=\"text-align: left;\">\u2013 Ende der Widerrufsbelehrung \u2013<\/p>\n<hr \/>\n<h2>10. Haftung<\/h2>\n<p style=\"padding-left: 30px;\"><strong>10.1<\/strong> Die Haftung von Lumoplan auf Schadensersatz, gleich aus welchem Rechtsgrund (insbesondere bei Verzug, M\u00e4ngeln oder sonstigen Pflichtverletzungen), ist auf den vertragstypischen, vorhersehbaren Schaden begrenzt.<\/p>\n<p style=\"padding-left: 30px;\"><strong>10.2<\/strong> Lumoplan haftet nicht im Falle einfacher Fahrl\u00e4ssigkeit seiner Organe, gesetzlichen Vertreter, Angestellten oder sonstigen Erf\u00fcllungsgehilfen, soweit es sich nicht um eine Verletzung vertragswesentlicher Pflichten handelt.<\/p>\n<p style=\"padding-left: 30px;\"><strong>10.3<\/strong> Die Haftung wegen vors\u00e4tzlichen Verhaltens oder grober Fahrl\u00e4ssigkeit, f\u00fcr garantierte Beschaffenheitsmerkmale, wegen Verletzung des Lebens, des K\u00f6rpers oder der Gesundheit oder nach dem Produkthaftungsgesetz ist nicht beschr\u00e4nkt.<\/p>\n<h2>11. Sonstiges<\/h2>\n<p style=\"padding-left: 30px;\"><strong>11.1<\/strong> Erf\u00fcllungsort und Gerichtsstand ist, soweit der Vertrag unter Kaufleuten geschlossen wird, der Sitz von Lumoplan. Lumoplan ist allerdings berechtigt, Anspr\u00fcche gegen den Kunden auch vor jedem anderen zust\u00e4ndigen Gericht geltend zu machen.<\/p>\n<p style=\"padding-left: 30px;\"><strong>11.2<\/strong> Wenn der Kunde keinen allgemeinen Gerichtsstand im Inland hat, nach Vertragsabschlu\u00df seinen Wohnsitz oder gew\u00f6hnlichen Aufenthaltsort aus dem Inland verlegt oder sein Wohnsitz oder gew\u00f6hnlicher Aufenthaltsort zum Zeitpunkt der Klageerhebung nicht bekannt ist, ist Erf\u00fcllungsort und Gerichtsstand der Sitz von Lumoplan.<\/p>\n<p style=\"padding-left: 30px;\"><strong>11.3<\/strong> F\u00fcr Vertragsabschl\u00fcsse gilt deutsches Recht.<\/p>\n<p style=\"padding-left: 30px;\"><strong>11.4<\/strong> Sollten einzelne Teile der vorstehenden Allgemeinen Gesch\u00e4ftsbedingungen unwirksam sein oder werden, so bleiben die \u00fcbrigen Bestimmungen dieser Allgemeinen Gesch\u00e4ftsbedingungen voll wirksam.<\/p>\n","protected":false},"excerpt":{"rendered":"<p>Allgemeine Gesch\u00e4ftsbedingungen (AGB) 1. Geltung 1.1 F\u00fcr alle mit der Lumoplan GmbH &amp; Co. KG (im Folgenden: Lumoplan) geschlossenen Vertr\u00e4ge gelten ausschlie\u00dflich die nachfolgenden Bedingungen. Bedingungen des Kunden, welche von den vorliegenden Allgemeinen Gesch\u00e4ftsbedingungen abweichen, werden nicht wirksamer Vertragsbestandteil. Dies gilt auch dann, wenn Lumoplan ihnen nicht ausdr\u00fccklich widerspricht und\/oder der Kunde f\u00fcr den Widerspruch [&hellip;]<\/p>\n","protected":false},"author":3,"featured_media":0,"parent":0,"menu_order":0,"comment_status":"closed","ping_status":"closed","template":"","meta":{"footnotes":""},"class_list":["post-1971","page","type-page","status-publish","hentry"],"_links":{"self":[{"href":"https:\/\/www.lumoplan.de\/en\/wp-json\/wp\/v2\/pages\/1971","targetHints":{"allow":["GET"]}}],"collection":[{"href":"https:\/\/www.lumoplan.de\/en\/wp-json\/wp\/v2\/pages"}],"about":[{"href":"https:\/\/www.lumoplan.de\/en\/wp-json\/wp\/v2\/types\/page"}],"author":[{"embeddable":true,"href":"https:\/\/www.lumoplan.de\/en\/wp-json\/wp\/v2\/users\/3"}],"replies":[{"embeddable":true,"href":"https:\/\/www.lumoplan.de\/en\/wp-json\/wp\/v2\/comments?post=1971"}],"version-history":[{"count":4,"href":"https:\/\/www.lumoplan.de\/en\/wp-json\/wp\/v2\/pages\/1971\/revisions"}],"predecessor-version":[{"id":3217,"href":"https:\/\/www.lumoplan.de\/en\/wp-json\/wp\/v2\/pages\/1971\/revisions\/3217"}],"wp:attachment":[{"href":"https:\/\/www.lumoplan.de\/en\/wp-json\/wp\/v2\/media?parent=1971"}],"curies":[{"name":"wp","href":"https:\/\/api.w.org\/{rel}","templated":true}]}}